{"id":8,"date":"2026-04-19T15:25:25","date_gmt":"2026-04-19T15:25:25","guid":{"rendered":"https:\/\/peptideromania.ro\/?page_id=8"},"modified":"2026-04-22T10:46:48","modified_gmt":"2026-04-22T10:46:48","slug":"cart","status":"publish","type":"page","link":"https:\/\/peptideromania.ro\/?page_id=8","title":{"rendered":"Cart"},"content":{"rendered":"\n<div data-block-name=\"woocommerce\/cart\" class=\"wp-block-woocommerce-cart alignwide is-loading\">\n<div data-block-name=\"woocommerce\/filled-cart-block\" class=\"wp-block-woocommerce-filled-cart-block\">\n<div data-block-name=\"woocommerce\/cart-items-block\" class=\"wp-block-woocommerce-cart-items-block\">\n<div data-block-name=\"woocommerce\/cart-line-items-block\" class=\"wp-block-woocommerce-cart-line-items-block\"><\/div>\n\n\n<\/div>\n\n\n\n\n<div data-block-name=\"woocommerce\/cart-totals-block\" class=\"wp-block-woocommerce-cart-totals-block\">\n<div data-block-name=\"woocommerce\/cart-order-summary-block\" class=\"wp-block-woocommerce-cart-order-summary-block\">\n<div data-block-name=\"woocommerce\/cart-order-summary-heading-block\" class=\"wp-block-woocommerce-cart-order-summary-heading-block\"><\/div><div data-block-name=\"woocommerce\/cart-order-summary-coupon-form-block\" class=\"wp-block-woocommerce-cart-order-summary-coupon-form-block\"><\/div><div data-block-name=\"woocommerce\/cart-order-summary-totals-block\" class=\"wp-block-woocommerce-cart-order-summary-totals-block\">\n<div data-block-name=\"woocommerce\/cart-order-summary-subtotal-block\" class=\"wp-block-woocommerce-cart-order-summary-subtotal-block\"><\/div>\n<div data-block-name=\"woocommerce\/cart-order-summary-discount-block\" class=\"wp-block-woocommerce-cart-order-summary-discount-block\"><\/div>\n<div data-block-name=\"woocommerce\/cart-order-summary-fee-block\" class=\"wp-block-woocommerce-cart-order-summary-fee-block\"><\/div>\n<div data-block-name=\"woocommerce\/cart-order-summary-shipping-block\" class=\"wp-block-woocommerce-cart-order-summary-shipping-block\"><\/div>\n<div data-block-name=\"woocommerce\/cart-order-summary-taxes-block\" class=\"wp-block-woocommerce-cart-order-summary-taxes-block\"><\/div><\/div>\n<\/div>\n\n\n\n<div data-block-name=\"woocommerce\/cart-express-payment-block\" class=\"wp-block-woocommerce-cart-express-payment-block\"><\/div>\n\n\n\n<div data-block-name=\"woocommerce\/proceed-to-checkout-block\" class=\"wp-block-woocommerce-proceed-to-checkout-block\"><\/div>\n\n\n\n<div data-block-name=\"woocommerce\/cart-accepted-payment-methods-block\" class=\"wp-block-woocommerce-cart-accepted-payment-methods-block\"><\/div>\n<\/div>\n<\/div>\n\n\n\n<div data-block-name=\"woocommerce\/empty-cart-block\" class=\"wp-block-woocommerce-empty-cart-block\">\n<h2 class=\"wp-block-heading has-text-align-center with-empty-cart-icon wc-block-cart__empty-cart__title\">Your cart is currently empty!<\/h2>\n\n\n\n<hr class=\"wp-block-separator has-alpha-channel-opacity is-style-dots\"\/>\n\n\n\n<h2 class=\"wp-block-heading has-text-align-center\">New in store<\/h2>\n\n\n<div data-block-name=\"woocommerce\/product-new\" data-columns=\"4\" data-rows=\"1\" class=\"wc-block-grid wp-block-product-new wp-block-woocommerce-product-new wc-block-product-new has-4-columns\"><ul class=\"wc-block-grid__products\"><li class=\"wc-block-grid__product\">\n\t\t\t\t<a href=\"https:\/\/peptideromania.ro\/?product=retatrutide-10-15-30-60mg-peptida-tripla-pentru-slabire\" class=\"wc-block-grid__product-link\">\n\t\t\t\t\t\n\t\t\t\t\t<div class=\"wc-block-grid__product-image\"><img loading=\"lazy\" decoding=\"async\" width=\"300\" height=\"300\" src=\"https:\/\/peptideromania.ro\/wp-content\/uploads\/2026\/04\/Vial-3-300x300.png\" class=\"attachment-woocommerce_thumbnail size-woocommerce_thumbnail\" alt=\"Retatrutide | 10\/15\/30\/60mg | Peptid\u0103 Tripl\u0103 pentru sl\u0103bire\" srcset=\"https:\/\/peptideromania.ro\/wp-content\/uploads\/2026\/04\/Vial-3-300x300.png 300w, https:\/\/peptideromania.ro\/wp-content\/uploads\/2026\/04\/Vial-3-150x150.png 150w, https:\/\/peptideromania.ro\/wp-content\/uploads\/2026\/04\/Vial-3-100x100.png 100w\" sizes=\"auto, (max-width: 300px) 100vw, 300px\" \/><\/div>\n\t\t\t\t\t<div class=\"wc-block-grid__product-title\">Retatrutide | 10\/15\/30\/60mg | Peptid\u0103 Tripl\u0103 pentru sl\u0103bire<\/div>\n\t\t\t\t<\/a>\n\t\t\t\t<div class=\"wc-block-grid__product-price price\"><span class=\"woocommerce-Price-amount amount\" aria-hidden=\"true\">429,00&nbsp;<span class=\"woocommerce-Price-currencySymbol\">lei<\/span><\/span> <span aria-hidden=\"true\">&ndash;<\/span> <span class=\"woocommerce-Price-amount amount\" aria-hidden=\"true\">999,00&nbsp;<span class=\"woocommerce-Price-currencySymbol\">lei<\/span><\/span><span class=\"screen-reader-text\">Price range: 429,00&nbsp;lei through 999,00&nbsp;lei<\/span><\/div>\n\t\t\t\t\n\t\t\t\t<div class=\"wp-block-button wc-block-grid__product-add-to-cart\"><a href=\"https:\/\/peptideromania.ro\/?product=retatrutide-10-15-30-60mg-peptida-tripla-pentru-slabire\" aria-label=\"Select options for &ldquo;Retatrutide | 10\/15\/30\/60mg | Peptid\u0103 Tripl\u0103 pentru sl\u0103bire&rdquo;\" data-quantity=\"1\" data-product_id=\"572\" data-product_sku=\"\" data-price=\"429\" rel=\"nofollow\" class=\"wp-block-button__link  add_to_cart_button\">Select options<\/a><\/div>\n\t\t\t<\/li><li class=\"wc-block-grid__product\">\n\t\t\t\t<a href=\"https:\/\/peptideromania.ro\/?product=ipamorelin-10mg\" class=\"wc-block-grid__product-link\">\n\t\t\t\t\t\n\t\t\t\t\t<div class=\"wc-block-grid__product-image\"><img loading=\"lazy\" decoding=\"async\" width=\"300\" height=\"300\" src=\"https:\/\/peptideromania.ro\/wp-content\/uploads\/2026\/04\/Vial-2-300x300.png\" class=\"attachment-woocommerce_thumbnail size-woocommerce_thumbnail\" alt=\"Ipamorelin | 10mg\" srcset=\"https:\/\/peptideromania.ro\/wp-content\/uploads\/2026\/04\/Vial-2-300x300.png 300w, https:\/\/peptideromania.ro\/wp-content\/uploads\/2026\/04\/Vial-2-150x150.png 150w, https:\/\/peptideromania.ro\/wp-content\/uploads\/2026\/04\/Vial-2-100x100.png 100w\" sizes=\"auto, (max-width: 300px) 100vw, 300px\" \/><\/div>\n\t\t\t\t\t<div class=\"wc-block-grid__product-title\">Ipamorelin | 10mg<\/div>\n\t\t\t\t<\/a>\n\t\t\t\t<div class=\"wc-block-grid__product-price price\"><span class=\"woocommerce-Price-amount amount\">199,00&nbsp;<span class=\"woocommerce-Price-currencySymbol\">lei<\/span><\/span><\/div>\n\t\t\t\t\n\t\t\t\t<div class=\"wp-block-button wc-block-grid__product-add-to-cart\"><a href=\"\/index.php?rest_route=%2Fwp%2Fv2%2Fpages%2F8&#038;add-to-cart=584\" aria-label=\"Add to cart: &ldquo;Ipamorelin | 10mg&rdquo;\" data-quantity=\"1\" data-product_id=\"584\" data-product_sku=\"\" data-price=\"199\" rel=\"nofollow\" class=\"wp-block-button__link  add_to_cart_button ajax_add_to_cart\">Add to cart<\/a><\/div>\n\t\t\t<\/li><li class=\"wc-block-grid__product\">\n\t\t\t\t<a href=\"https:\/\/peptideromania.ro\/?product=ghk-cu-100mg\" class=\"wc-block-grid__product-link\">\n\t\t\t\t\t\n\t\t\t\t\t<div class=\"wc-block-grid__product-image\"><img loading=\"lazy\" decoding=\"async\" width=\"300\" height=\"300\" src=\"https:\/\/peptideromania.ro\/wp-content\/uploads\/2026\/04\/Vial-300x300.png\" class=\"attachment-woocommerce_thumbnail size-woocommerce_thumbnail\" alt=\"GHK-Cu | 100mg\" srcset=\"https:\/\/peptideromania.ro\/wp-content\/uploads\/2026\/04\/Vial-300x300.png 300w, https:\/\/peptideromania.ro\/wp-content\/uploads\/2026\/04\/Vial-150x150.png 150w, https:\/\/peptideromania.ro\/wp-content\/uploads\/2026\/04\/Vial-100x100.png 100w\" sizes=\"auto, (max-width: 300px) 100vw, 300px\" \/><\/div>\n\t\t\t\t\t<div class=\"wc-block-grid__product-title\">GHK-Cu | 100mg<\/div>\n\t\t\t\t<\/a>\n\t\t\t\t<div class=\"wc-block-grid__product-price price\"><span class=\"woocommerce-Price-amount amount\">149,00&nbsp;<span class=\"woocommerce-Price-currencySymbol\">lei<\/span><\/span><\/div>\n\t\t\t\t\n\t\t\t\t<div class=\"wp-block-button wc-block-grid__product-add-to-cart\"><a href=\"\/index.php?rest_route=%2Fwp%2Fv2%2Fpages%2F8&#038;add-to-cart=13\" aria-label=\"Add to cart: &ldquo;GHK-Cu | 100mg&rdquo;\" data-quantity=\"1\" data-product_id=\"13\" data-product_sku=\"\" data-price=\"149\" rel=\"nofollow\" class=\"wp-block-button__link  add_to_cart_button ajax_add_to_cart\">Add to cart<\/a><\/div>\n\t\t\t<\/li><\/ul><\/div><\/div>\n<\/div>\n","protected":false},"excerpt":{"rendered":"","protected":false},"author":1,"featured_media":0,"parent":0,"menu_order":0,"comment_status":"closed","ping_status":"closed","template":"","meta":{"footnotes":""},"class_list":["post-8","page","type-page","status-publish","hentry"],"blocksy_meta":[],"_links":{"self":[{"href":"https:\/\/peptideromania.ro\/index.php?rest_route=\/wp\/v2\/pages\/8","targetHints":{"allow":["GET"]}}],"collection":[{"href":"https:\/\/peptideromania.ro\/index.php?rest_route=\/wp\/v2\/pages"}],"about":[{"href":"https:\/\/peptideromania.ro\/index.php?rest_route=\/wp\/v2\/types\/page"}],"author":[{"embeddable":true,"href":"https:\/\/peptideromania.ro\/index.php?rest_route=\/wp\/v2\/users\/1"}],"replies":[{"embeddable":true,"href":"https:\/\/peptideromania.ro\/index.php?rest_route=%2Fwp%2Fv2%2Fcomments&post=8"}],"version-history":[{"count":1,"href":"https:\/\/peptideromania.ro\/index.php?rest_route=\/wp\/v2\/pages\/8\/revisions"}],"predecessor-version":[{"id":12,"href":"https:\/\/peptideromania.ro\/index.php?rest_route=\/wp\/v2\/pages\/8\/revisions\/12"}],"wp:attachment":[{"href":"https:\/\/peptideromania.ro\/index.php?rest_route=%2Fwp%2Fv2%2Fmedia&parent=8"}],"curies":[{"name":"wp","href":"https:\/\/api.w.org\/{rel}","templated":true}]}}